{"id":24,"date":"2025-04-03T13:47:27","date_gmt":"2025-04-03T11:47:27","guid":{"rendered":"https:\/\/www.venturepeak.de\/nooklify\/?page_id=24"},"modified":"2025-05-10T00:24:00","modified_gmt":"2025-05-09T22:24:00","slug":"nooklify","status":"publish","type":"page","link":"https:\/\/www.venturepeak.de\/nooklify\/","title":{"rendered":"nooklify"},"content":{"rendered":"\n<div class=\"wp-block-group alignfull has-global-padding is-layout-constrained wp-container-core-group-is-layout-cb151cc7 wp-block-group-is-layout-constrained\" style=\"margin-top:0;margin-bottom:0;padding-top:0;padding-right:var(--wp--preset--spacing--50);padding-bottom:0;padding-left:var(--wp--preset--spacing--50)\">\n<div class=\"wp-block-columns alignwide are-vertically-aligned-center is-layout-flex wp-container-core-columns-is-layout-47c06fe3 wp-block-columns-is-layout-flex\">\n<div class=\"wp-block-column is-vertically-aligned-center is-layout-flow wp-block-column-is-layout-flow\" style=\"flex-basis:50%\">\n<h2 class=\"wp-block-heading\">Weniger Routine, mehr Recherche: Automatisieren Sie Standardinhalte \u2013 und schaffen Sie Raum f\u00fcr echten Journalismus.<\/h2>\n\n\n\n<ul style=\"line-height:1.75\" class=\"wp-block-list is-style-checkmark-list\">\n<li>Regionale Verlage verlieren t\u00e4glich Zeit und Geld durch die manuelle Erstellung standardisierter Inhalte (z.\u202fB. Polizeimeldungen, Wetter, Veranstaltungen), was Redaktionen daran hindert, sich auf hochwertigen Journalismus zu konzentrieren.<\/li>\n<\/ul>\n\n\n\n<div class=\"wp-block-buttons is-layout-flex wp-block-buttons-is-layout-flex\">\n<div class=\"wp-block-button\"><a class=\"wp-block-button__link wp-element-button\" href=\"https:\/\/tidycal.com\/nooklify\/kennenlerngesprach\" target=\"_blank\" rel=\" noreferrer noopener nofollow\">Mehr Zeit f\u00fcr Journalismus: Jetzt informieren<\/a><\/div>\n<\/div>\n<\/div>\n\n\n\n<div class=\"wp-block-column is-vertically-aligned-center is-layout-flow wp-block-column-is-layout-flow\" style=\"flex-basis:50%\">\n<figure class=\"wp-block-image size-full is-style-default\"><img loading=\"lazy\" decoding=\"async\" width=\"1536\" height=\"1024\" src=\"https:\/\/www.venturepeak.de\/nooklify\/wp-content\/uploads\/sites\/4\/2025\/04\/hero-1.png\" alt=\"\" class=\"wp-image-76\" style=\"aspect-ratio:4\/3;object-fit:cover\" srcset=\"https:\/\/www.venturepeak.de\/nooklify\/wp-content\/uploads\/sites\/4\/2025\/04\/hero-1.png 1536w, https:\/\/www.venturepeak.de\/nooklify\/wp-content\/uploads\/sites\/4\/2025\/04\/hero-1-300x200.png 300w, https:\/\/www.venturepeak.de\/nooklify\/wp-content\/uploads\/sites\/4\/2025\/04\/hero-1-1024x683.png 1024w, https:\/\/www.venturepeak.de\/nooklify\/wp-content\/uploads\/sites\/4\/2025\/04\/hero-1-768x512.png 768w\" sizes=\"auto, (max-width: 1536px) 100vw, 1536px\" \/><\/figure>\n<\/div>\n<\/div>\n<\/div>\n\n\n\n<div class=\"wp-block-group alignfull has-base-2-background-color has-background has-global-padding is-layout-constrained wp-container-core-group-is-layout-d89aad35 wp-block-group-is-layout-constrained\" style=\"margin-top:0;margin-bottom:0;padding-top:var(--wp--preset--spacing--50);padding-right:var(--wp--preset--spacing--50);padding-bottom:var(--wp--preset--spacing--50);padding-left:var(--wp--preset--spacing--50)\">\n<div class=\"wp-block-columns alignwide is-layout-flex wp-container-core-columns-is-layout-1da03c2a wp-block-columns-is-layout-flex\">\n<div class=\"wp-block-column is-vertically-aligned-center is-layout-flow wp-block-column-is-layout-flow\" style=\"flex-basis:60%\">\n<figure class=\"wp-block-image size-full is-style-rounded wp-duotone-unset-2 is-style-rounded--1\"><img loading=\"lazy\" decoding=\"async\" width=\"1536\" height=\"1024\" src=\"https:\/\/www.venturepeak.de\/nooklify\/wp-content\/uploads\/sites\/4\/2025\/04\/blaulichtmeldungen.png\" alt=\"\" class=\"wp-image-102\" style=\"aspect-ratio:4\/3;object-fit:cover\" srcset=\"https:\/\/www.venturepeak.de\/nooklify\/wp-content\/uploads\/sites\/4\/2025\/04\/blaulichtmeldungen.png 1536w, https:\/\/www.venturepeak.de\/nooklify\/wp-content\/uploads\/sites\/4\/2025\/04\/blaulichtmeldungen-300x200.png 300w, https:\/\/www.venturepeak.de\/nooklify\/wp-content\/uploads\/sites\/4\/2025\/04\/blaulichtmeldungen-1024x683.png 1024w, https:\/\/www.venturepeak.de\/nooklify\/wp-content\/uploads\/sites\/4\/2025\/04\/blaulichtmeldungen-768x512.png 768w\" sizes=\"auto, (max-width: 1536px) 100vw, 1536px\" \/><\/figure>\n<\/div>\n\n\n\n<div class=\"wp-block-column is-layout-flow wp-block-column-is-layout-flow\" style=\"flex-basis:40%\">\n<h2 class=\"wp-block-heading\">Anwendungsfall: Automatisieren Sie Blaulichtmeldungen<\/h2>\n\n\n\n<p>Automatische Erkennung von Blaulichtmeldungen durch Nooklify<\/p>\n\n\n\n<ul class=\"wp-block-list\">\n<li>Durchsucht kontinuierlich Presseportale von Polizei, Feuerwehr und Rettungsdiensten<\/li>\n<\/ul>\n\n\n\n<ul class=\"wp-block-list\">\n<li>Erkennt relevante Eins\u00e4tze und Vorf\u00e4lle in Echtzeit<\/li>\n<\/ul>\n\n\n\n<ul class=\"wp-block-list\">\n<li>Informiert sofort die Redaktion \u00fcber neue Blaulichtmeldung<\/li>\n<\/ul>\n\n\n\n<div class=\"wp-block-buttons is-layout-flex wp-block-buttons-is-layout-flex\">\n<div class=\"wp-block-button\"><a class=\"wp-block-button__link wp-element-button\" href=\"https:\/\/tidycal.com\/nooklify\/kennenlerngesprach\" target=\"_blank\" rel=\" noreferrer noopener nofollow\">Mehr Zeit f\u00fcr Journalismus: Jetzt informieren<\/a><\/div>\n<\/div>\n<\/div>\n<\/div>\n<\/div>\n\n\n\n<div class=\"wp-block-group alignfull has-global-padding is-layout-constrained wp-container-core-group-is-layout-2cf2e7c2 wp-block-group-is-layout-constrained\" style=\"padding-top:0;padding-right:var(--wp--preset--spacing--50);padding-bottom:0;padding-left:var(--wp--preset--spacing--50)\">\n<div style=\"height:var(--wp--preset--spacing--30)\" aria-hidden=\"true\" class=\"wp-block-spacer\"><\/div>\n<\/div>\n\n\n\n<div class=\"wp-block-group alignwide has-base-2-background-color has-background has-global-padding is-layout-constrained wp-container-core-group-is-layout-301020a0 wp-block-group-is-layout-constrained\" style=\"border-radius:20px;padding-top:var(--wp--preset--spacing--50);padding-right:var(--wp--preset--spacing--50);padding-bottom:var(--wp--preset--spacing--50);padding-left:var(--wp--preset--spacing--50)\">\n<div class=\"wp-block-columns alignwide are-vertically-aligned-center is-layout-flex wp-container-core-columns-is-layout-08c01c1c wp-block-columns-is-layout-flex\">\n<div class=\"wp-block-column is-vertically-aligned-center is-layout-flow wp-container-core-column-is-layout-119bc444 wp-block-column-is-layout-flow\">\n<div class=\"wp-block-group is-nowrap is-layout-flex wp-container-core-group-is-layout-877c468d wp-block-group-is-layout-flex\">\n<figure class=\"wp-block-image size-full is-resized is-style-default\"><img loading=\"lazy\" decoding=\"async\" width=\"305\" height=\"263\" src=\"https:\/\/www.venturepeak.de\/nooklify\/wp-content\/uploads\/sites\/4\/2025\/04\/icon1.png\" alt=\"\" class=\"wp-image-80\" style=\"width:149px;height:auto\" srcset=\"https:\/\/www.venturepeak.de\/nooklify\/wp-content\/uploads\/sites\/4\/2025\/04\/icon1.png 305w, https:\/\/www.venturepeak.de\/nooklify\/wp-content\/uploads\/sites\/4\/2025\/04\/icon1-300x259.png 300w\" sizes=\"auto, (max-width: 305px) 100vw, 305px\" \/><\/figure>\n\n\n\n<div class=\"wp-block-group has-global-padding is-layout-constrained wp-block-group-is-layout-constrained\">\n<ol class=\"wp-block-list\">\n<li><strong>Automatische Meldungserkennung durch Nooklify<\/strong><\/li>\n<\/ol>\n\n\n\n<ul class=\"wp-block-list\">\n<li>Durchsucht kontinuierlich Presseportale (z.\u202fB. Polizei, Wetter, Events, Sport)<\/li>\n<\/ul>\n\n\n\n<ul class=\"wp-block-list\">\n<li>Informiert sofort die Redaktion<\/li>\n<\/ul>\n<\/div>\n<\/div>\n\n\n\n<div class=\"wp-block-group is-nowrap is-layout-flex wp-container-core-group-is-layout-877c468d wp-block-group-is-layout-flex\">\n<figure class=\"wp-block-image size-full is-resized\"><img loading=\"lazy\" decoding=\"async\" width=\"279\" height=\"234\" src=\"https:\/\/www.venturepeak.de\/nooklify\/wp-content\/uploads\/sites\/4\/2025\/04\/icon2.png\" alt=\"\" class=\"wp-image-81\" style=\"width:147px;height:auto\"\/><\/figure>\n\n\n\n<div class=\"wp-block-group has-global-padding is-layout-constrained wp-block-group-is-layout-constrained\">\n<p><strong>2. Versand eines vorformulierten Artikels direkt an die Redaktion<\/strong><\/p>\n\n\n\n<ul class=\"wp-block-list\">\n<li>Sendet zwei Versionen an die Redaktion:\n<ul class=\"wp-block-list\">\n<li><strong>Originaltext<\/strong> direkt von der Quelle<\/li>\n\n\n\n<li><strong>\u00dcberarbeitete Version<\/strong> im Stil des Verlags (Struktur, Tonalit\u00e4t)<\/li>\n<\/ul>\n<\/li>\n<\/ul>\n\n\n\n<ul class=\"wp-block-list\">\n<li>F\u00fcgt Bildmaterial bei \u2013 oder generiert automatisch ein passendes Bild<\/li>\n<\/ul>\n<\/div>\n<\/div>\n\n\n\n<div class=\"wp-block-group is-nowrap is-layout-flex wp-container-core-group-is-layout-877c468d wp-block-group-is-layout-flex\">\n<figure class=\"wp-block-image size-full is-resized\"><img loading=\"lazy\" decoding=\"async\" width=\"278\" height=\"260\" src=\"https:\/\/www.venturepeak.de\/nooklify\/wp-content\/uploads\/sites\/4\/2025\/04\/icon3.png\" alt=\"\" class=\"wp-image-82\" style=\"width:158px;height:auto\"\/><\/figure>\n\n\n\n<div class=\"wp-block-group has-global-padding is-layout-constrained wp-block-group-is-layout-constrained\">\n<p>3. <strong>Aufbereitung f\u00fcr Social Media &amp; Online-Kan\u00e4le<\/strong><\/p>\n\n\n\n<ul class=\"wp-block-list\">\n<li>Nooklify erstellt automatisch passende Beitr\u00e4ge f\u00fcr soziale Netzwerke (z.\u202fB. Facebook, Instagram)<\/li>\n<\/ul>\n\n\n\n<ul class=\"wp-block-list\">\n<li><strong>Kein zus\u00e4tzlicher Aufwand f\u00fcr die Redaktion<\/strong> \u2013 Beitr\u00e4ge sind sofort einsatzbereit<\/li>\n<\/ul>\n\n\n\n<ul class=\"wp-block-list\">\n<li><strong>Ansprechende Texte<\/strong>, zugeschnitten auf die jeweilige Plattform<\/li>\n<\/ul>\n<\/div>\n<\/div>\n<\/div>\n<\/div>\n<\/div>\n\n\n\n<div class=\"wp-block-group alignwide has-base-2-background-color has-background has-global-padding is-layout-constrained wp-container-core-group-is-layout-669513ed wp-block-group-is-layout-constrained\" style=\"margin-top:0;margin-bottom:0;padding-top:var(--wp--preset--spacing--50);padding-right:var(--wp--preset--spacing--50);padding-bottom:var(--wp--preset--spacing--50);padding-left:var(--wp--preset--spacing--50)\">\n<div class=\"wp-block-group is-vertical is-content-justification-center is-layout-flex wp-container-core-group-is-layout-52b864f0 wp-block-group-is-layout-flex\">\n<h2 class=\"wp-block-heading has-text-align-center is-style-asterisk\"><strong>Weniger Routine, mehr Relevanz: Warum regionale Verlage jetzt auf Automatisierung setzen sollten<\/strong><\/h2>\n\n\n\n<div style=\"height:0px\" aria-hidden=\"true\" class=\"wp-block-spacer wp-container-content-4f2ccadb\"><\/div>\n\n\n\n<p class=\"has-text-align-center\">Regionale Redaktionen verlieren t\u00e4glich Zeit durch Routineaufgaben \u2013 und damit die Chance auf echten, relevanten Journalismus. Nooklify automatisiert Standardinhalte und schafft Freiraum f\u00fcr das, was wirklich z\u00e4hlt.<\/p>\n<\/div>\n\n\n\n<div style=\"margin-top:0;margin-bottom:0;height:var(--wp--preset--spacing--40)\" aria-hidden=\"true\" class=\"wp-block-spacer\"><\/div>\n\n\n\n<div class=\"wp-block-columns alignwide is-layout-flex wp-container-core-columns-is-layout-d0bbbce0 wp-block-columns-is-layout-flex\">\n<div class=\"wp-block-column is-layout-flow wp-container-core-column-is-layout-e3d1c41b wp-block-column-is-layout-flow\">\n<h3 class=\"wp-block-heading has-text-align-left is-style-asterisk has-body-font-family has-medium-font-size\" style=\"font-style:normal;font-weight:600\"><strong><strong>T\u00e4glicher Zeitverlust durch Standardmeldungen<\/strong><\/strong><\/h3>\n\n\n\n<p class=\"has-text-align-left\">Redaktionelle Ressourcen werden durch Routineaufgaben wie Polizeiberichte, Wetter- oder Veranstaltungsinfos blockiert.<\/p>\n<\/div>\n\n\n\n<div class=\"wp-block-column is-layout-flow wp-container-core-column-is-layout-e3d1c41b wp-block-column-is-layout-flow\">\n<h3 class=\"wp-block-heading has-text-align-left is-style-asterisk has-body-font-family has-medium-font-size\" style=\"font-style:normal;font-weight:600\"><strong>Keine Zeit f\u00fcr echten Journalismus<\/strong><\/h3>\n\n\n\n<p class=\"has-text-align-left\">Investigative Recherchen und lokale Geschichten bleiben auf der Strecke \u2013 mit Folgen f\u00fcr Qualit\u00e4t und Leserbindung.<\/p>\n<\/div>\n\n\n\n<div class=\"wp-block-column is-layout-flow wp-container-core-column-is-layout-e3d1c41b wp-block-column-is-layout-flow\">\n<h3 class=\"wp-block-heading has-text-align-left is-style-asterisk has-body-font-family has-medium-font-size\" style=\"font-style:normal;font-weight:600\"><strong>Manuelle Quellensuche ist ineffizient<\/strong><\/h3>\n\n\n\n<p class=\"has-text-align-left\">Presseportale m\u00fcssen st\u00e4ndig manuell durchforstet werden \u2013 wichtige Meldungen k\u00f6nnen leicht \u00fcbersehen werden.<\/p>\n<\/div>\n<\/div>\n\n\n\n<div style=\"height:var(--wp--preset--spacing--20)\" aria-hidden=\"true\" class=\"wp-block-spacer\"><\/div>\n\n\n\n<div class=\"wp-block-columns alignwide is-layout-flex wp-container-core-columns-is-layout-d0bbbce0 wp-block-columns-is-layout-flex\">\n<div class=\"wp-block-column is-layout-flow wp-container-core-column-is-layout-e3d1c41b wp-block-column-is-layout-flow\">\n<h3 class=\"wp-block-heading has-text-align-left is-style-asterisk has-body-font-family has-medium-font-size\" style=\"font-style:normal;font-weight:600\"><strong>Aufwendige Nachbearbeitung in der Redaktion<\/strong><\/h3>\n\n\n\n<p class=\"has-text-align-left\">Jeder Text muss einzeln gepr\u00fcft, \u00fcberarbeitet, bebildert und f\u00fcr verschiedene Kan\u00e4le angepasst werden.<\/p>\n<\/div>\n\n\n\n<div class=\"wp-block-column is-layout-flow wp-container-core-column-is-layout-e3d1c41b wp-block-column-is-layout-flow\">\n<h3 class=\"wp-block-heading has-text-align-left is-style-asterisk has-body-font-family has-medium-font-size\" style=\"font-style:normal;font-weight:600\"><strong>Social Media bleibt auf der Strecke<\/strong><\/h3>\n\n\n\n<p class=\"has-text-align-left\">Fehlende Kapazit\u00e4ten verhindern eine konsistente und wirkungsvolle Pr\u00e4senz auf sozialen Netzwerken.<\/p>\n<\/div>\n\n\n\n<div class=\"wp-block-column is-layout-flow wp-container-core-column-is-layout-e3d1c41b wp-block-column-is-layout-flow\">\n<h3 class=\"wp-block-heading has-text-align-left is-style-asterisk has-body-font-family has-medium-font-size\" style=\"font-style:normal;font-weight:600\"><strong>Uneinheitlicher Auftritt durch Rohmeldungen<\/strong><\/h3>\n\n\n\n<p class=\"has-text-align-left\">Meldungen ohne redaktionelle Anpassung wirken beliebig \u2013 der eigene Stil und Wiedererkennungswert gehen verloren.<\/p>\n<\/div>\n<\/div>\n<\/div>\n\n\n\n<div class=\"wp-block-columns alignwide is-layout-flex wp-container-core-columns-is-layout-28f84493 wp-block-columns-is-layout-flex\">\n<div class=\"wp-block-column is-layout-flow wp-block-column-is-layout-flow\">\n<div class=\"tidycal-embed\" data-path=\"nooklify\/kennenlerngesprach\"><\/div><script src=\"https:\/\/asset-tidycal.b-cdn.net\/js\/embed.js\" async><\/script>\n\n\n<\/div>\n<\/div>\n\n\n\n<div class=\"wp-block-group alignfull has-background-color has-global-padding is-layout-constrained wp-container-core-group-is-layout-5d2f8bdc wp-block-group-is-layout-constrained\" style=\"margin-top:0;margin-bottom:0;padding-top:var(--wp--preset--spacing--40);padding-right:var(--wp--preset--spacing--30);padding-bottom:var(--wp--preset--spacing--40);padding-left:var(--wp--preset--spacing--30)\">\n<div class=\"wp-block-group alignwide is-content-justification-space-between is-layout-flex wp-container-core-group-is-layout-b585a4aa wp-block-group-is-layout-flex\">\n<div class=\"wp-block-group is-layout-flex wp-block-group-is-layout-flex\"><h1 class=\"wp-block-site-title has-small-font-size\"><a href=\"https:\/\/www.venturepeak.de\/nooklify\" target=\"_self\" rel=\"home\">nooklify ein Produkt von venturepeak<\/a><\/h1><\/div>\n\n\n\n<p class=\"has-small-font-size\"><a href=\"https:\/\/www.venturepeak.de\/impressum\/\">Impressum<\/a> <a href=\"https:\/\/www.venturepeak.de\/datenschutzerklaerung\/\">Datenschutzerkl\u00e4rung<\/a><\/p>\n<\/div>\n<\/div>\n","protected":false},"excerpt":{"rendered":"<p>Weniger Routine, mehr Recherche: Automatisieren Sie Standardinhalte \u2013 und schaffen Sie Raum f\u00fcr echten Journalismus. Anwendungsfall: Automatisieren Sie Blaulichtmeldungen Automatische Erkennung von Blaulichtmeldungen durch Nooklify 2. Versand eines vorformulierten Artikels direkt an die Redaktion 3. Aufbereitung f\u00fcr Social Media &amp; Online-Kan\u00e4le Weniger Routine, mehr Relevanz: Warum regionale Verlage jetzt auf Automatisierung setzen sollten Regionale Redaktionen [&hellip;]<\/p>\n","protected":false},"author":1,"featured_media":0,"parent":0,"menu_order":0,"comment_status":"closed","ping_status":"closed","template":"page-wide","meta":{"footnotes":""},"class_list":["post-24","page","type-page","status-publish","hentry"],"_links":{"self":[{"href":"https:\/\/www.venturepeak.de\/nooklify\/wp-json\/wp\/v2\/pages\/24","targetHints":{"allow":["GET"]}}],"collection":[{"href":"https:\/\/www.venturepeak.de\/nooklify\/wp-json\/wp\/v2\/pages"}],"about":[{"href":"https:\/\/www.venturepeak.de\/nooklify\/wp-json\/wp\/v2\/types\/page"}],"author":[{"embeddable":true,"href":"https:\/\/www.venturepeak.de\/nooklify\/wp-json\/wp\/v2\/users\/1"}],"replies":[{"embeddable":true,"href":"https:\/\/www.venturepeak.de\/nooklify\/wp-json\/wp\/v2\/comments?post=24"}],"version-history":[{"count":42,"href":"https:\/\/www.venturepeak.de\/nooklify\/wp-json\/wp\/v2\/pages\/24\/revisions"}],"predecessor-version":[{"id":109,"href":"https:\/\/www.venturepeak.de\/nooklify\/wp-json\/wp\/v2\/pages\/24\/revisions\/109"}],"wp:attachment":[{"href":"https:\/\/www.venturepeak.de\/nooklify\/wp-json\/wp\/v2\/media?parent=24"}],"curies":[{"name":"wp","href":"https:\/\/api.w.org\/{rel}","templated":true}]}}